{"id":11567,"date":"2020-06-08T10:30:44","date_gmt":"2020-06-08T14:30:44","guid":{"rendered":"http:\/\/www.biancagaia.com\/fr\/?post_type=product&#038;p=11567"},"modified":"2026-02-01T18:52:24","modified_gmt":"2026-02-02T00:52:24","slug":"bienvenue-dans-la-5e-dimension","status":"publish","type":"product","link":"https:\/\/www.biancagaia.com\/en\/product\/bienvenue-dans-la-5e-dimension\/","title":{"rendered":"Bienvenue dans la 5e dimension"},"content":{"rendered":"<div class=\"fusion-fullwidth fullwidth-box fusion-builder-row-1 fusion-flex-container nonhundred-percent-fullwidth non-hundred-percent-height-scrolling\" style=\"--awb-border-radius-top-left:0px;--awb-border-radius-top-right:0px;--awb-border-radius-bottom-right:0px;--awb-border-radius-bottom-left:0px;--awb-flex-wrap:wrap;\" ><div class=\"fusion-builder-row fusion-row fusion-flex-align-items-flex-start fusion-flex-content-wrap\" style=\"max-width:1185.6px;margin-left: calc(-4% \/ 2 );margin-right: calc(-4% \/ 2 );\"><div class=\"fusion-layout-column fusion_builder_column fusion-builder-column-0 fusion_builder_column_1_1 1_1 fusion-flex-column\" style=\"--awb-bg-size:cover;--awb-width-large:100%;--awb-margin-top-large:0px;--awb-spacing-right-large:1.92%;--awb-margin-bottom-large:0px;--awb-spacing-left-large:1.92%;--awb-width-medium:100%;--awb-spacing-right-medium:1.92%;--awb-spacing-left-medium:1.92%;--awb-width-small:100%;--awb-spacing-right-small:1.92%;--awb-spacing-left-small:1.92%;\"><div class=\"fusion-column-wrapper fusion-flex-justify-content-flex-start fusion-content-layout-column\"><div class=\"fusion-text fusion-text-1\"><p><strong>La Quintessence de l\u2019\u00catre, ultime secret des Ma\u00eetres Ascensionn\u00e9s<\/strong><\/p>\n<div class=\"fusion-text fusion-text-2\">\n<p><span dir=\"auto\">(FRENCH VERSION)<\/p>\n<p>A revolutionary book that synthesizes the major current psychological and spiritual trends, including a &#8220;simple, easy and joyful&#8221; method to allow them to be integrated into the heart of everyday life.<\/span><\/p>\n<p><span dir=\"auto\">A comprehensive, lavishly illustrated reference tool, brimming with sound advice, real-life examples and practical exercises, designed to promote balance in all dimensions of your life.<\/span><\/p>\n<p><span dir=\"auto\">An invitation to reconnect with the best part of yourself: The Quintessence of Being, the ultimate secret of the Ascended Masters.<\/span><\/p>\n<p><span dir=\"auto\">The planetary awakening of consciousness has been granting us access to the fourth dimension for quite some time now. More and more people are preparing for the changes inherent in the rise of the collective vibrational frequency. And you? Are you ready to say the true YES that will trigger the marvelous process of Ascension? What if everything hinges on what happens within yourself, in unconditional Love and the intrinsic acceptance of the multidimensional Being that you truly are?<\/span><\/p>\n<p><span dir=\"auto\"><span class=\"\" dir=\"auto\">With this manual, you will be able to explore the five dimensions of Being, activate your governing chakra, identify your incarnation contract and decipher your soul&#8217;s mission, ground and rebalance your cocoon of Light, transcend the pyramid of duality, and access your multidimensional wisdom. If you aspire to explore your unlimited inner wealth and fully merge with your divine Quintessence\u2014the state of Grace that opens the door to the 5th dimension\u2014this book was written specifically for you.<\/span><\/span><\/p>\n<p><span dir=\"auto\">With over 50,000 copies sold so far, &#8216;Welcome to the 5th Dimension&#8217; has already demonstrated the great interest of readers in the themes addressed in this ever-popular book.<\/span><\/p>\n<\/div>\n<\/div><div class=\"fusion-text fusion-text-2\" style=\"--awb-text-color:#770077;--awb-margin-top:30px;\"><p><strong>NOTE: This book is available in <span style=\"text-decoration: underline;\">PDF<\/span> format only.<\/strong><\/p>\n<\/div>\n<\/div><\/div><\/div><\/div>\n","protected":false},"excerpt":{"rendered":"<h4>The Quintessence of Being,<br \/>\nthe ultimate secret of the Ascended Masters<\/h4>\n<p>Diane LeBlanc \/ Bianca Ga\u00efa<br \/>\n2014, 352 pages<\/p>\n<p><strong>NOTE: This book is available in PDF downloadable format only<\/strong><\/p>\n<p>&nbsp;<\/p>\n<h3><em>To simplify the purchasing process, please select your countryfrom the list below:<\/em><\/h3>\n[wcpbc_country_selector other_countries_text=\"Other country\"]\n","protected":false},"featured_media":16260,"template":"","meta":[],"product_brand":[],"product_cat":[42,138],"product_tag":[44,46,45],"class_list":{"0":"post-11567","1":"product","2":"type-product","3":"status-publish","4":"has-post-thumbnail","6":"product_cat-livre","7":"product_cat-livre-enseignement","8":"product_tag-5e-dimension","9":"product_tag-famille-dames","10":"product_tag-quintessence","12":"first","13":"instock","14":"downloadable","15":"virtual","16":"purchasable","17":"product-type-simple"},"yoast_head":"<!-- This site is optimized with the Yoast SEO plugin v27.3 - https:\/\/yoast.com\/product\/yoast-seo-wordpress\/ -->\n<title>Bienvenue dans la 5e dimension - Bianca Gaia<\/title>\n<meta name=\"robots\" content=\"index, follow, max-snippet:-1, max-image-preview:large, max-video-preview:-1\" \/>\n<link rel=\"canonical\" href=\"https:\/\/www.biancagaia.com\/en\/product\/bienvenue-dans-la-5e-dimension\/\" \/>\n<meta property=\"og:locale\" content=\"en_US\" \/>\n<meta property=\"og:type\" content=\"article\" \/>\n<meta property=\"og:title\" content=\"Bienvenue dans la 5e dimension - Bianca Gaia\" \/>\n<meta property=\"og:description\" content=\"The Quintessence of Being, the ultimate secret of the Ascended Masters Diane LeBlanc \/ Bianca Ga\u00efa 2014, 352 pages  NOTE: This book is available in PDF downloadable format only  &nbsp; To simplify the purchasing process, please select your countryfrom the list below:\" \/>\n<meta property=\"og:url\" content=\"https:\/\/www.biancagaia.com\/en\/product\/bienvenue-dans-la-5e-dimension\/\" \/>\n<meta property=\"og:site_name\" content=\"Bianca Gaia\" \/>\n<meta property=\"article:publisher\" content=\"https:\/\/www.facebook.com\/DianeLeBlanc.BiancaGaia\" \/>\n<meta property=\"article:modified_time\" content=\"2026-02-02T00:52:24+00:00\" \/>\n<meta property=\"og:image\" content=\"https:\/\/www.biancagaia.com\/en\/wp-content\/uploads\/2023\/09\/Bienvenue.jpg\" \/>\n\t<meta property=\"og:image:width\" content=\"820\" \/>\n\t<meta property=\"og:image:height\" content=\"916\" \/>\n\t<meta property=\"og:image:type\" content=\"image\/jpeg\" \/>\n<meta name=\"twitter:card\" content=\"summary_large_image\" \/>\n<meta name=\"twitter:label1\" content=\"Est. reading time\" \/>\n\t<meta name=\"twitter:data1\" content=\"2 minutes\" \/>\n<script type=\"application\/ld+json\" class=\"yoast-schema-graph\">{\"@context\":\"https:\\\/\\\/schema.org\",\"@graph\":[{\"@type\":\"WebPage\",\"@id\":\"https:\\\/\\\/www.biancagaia.com\\\/en\\\/product\\\/bienvenue-dans-la-5e-dimension\\\/\",\"url\":\"https:\\\/\\\/www.biancagaia.com\\\/en\\\/product\\\/bienvenue-dans-la-5e-dimension\\\/\",\"name\":\"Bienvenue dans la 5e dimension - Bianca Gaia\",\"isPartOf\":{\"@id\":\"https:\\\/\\\/www.biancagaia.com\\\/en\\\/#website\"},\"primaryImageOfPage\":{\"@id\":\"https:\\\/\\\/www.biancagaia.com\\\/en\\\/product\\\/bienvenue-dans-la-5e-dimension\\\/#primaryimage\"},\"image\":{\"@id\":\"https:\\\/\\\/www.biancagaia.com\\\/en\\\/product\\\/bienvenue-dans-la-5e-dimension\\\/#primaryimage\"},\"thumbnailUrl\":\"https:\\\/\\\/www.biancagaia.com\\\/en\\\/wp-content\\\/uploads\\\/2023\\\/09\\\/Bienvenue.jpg\",\"datePublished\":\"2020-06-08T14:30:44+00:00\",\"dateModified\":\"2026-02-02T00:52:24+00:00\",\"breadcrumb\":{\"@id\":\"https:\\\/\\\/www.biancagaia.com\\\/en\\\/product\\\/bienvenue-dans-la-5e-dimension\\\/#breadcrumb\"},\"inLanguage\":\"en-US\",\"potentialAction\":[{\"@type\":\"ReadAction\",\"target\":[\"https:\\\/\\\/www.biancagaia.com\\\/en\\\/product\\\/bienvenue-dans-la-5e-dimension\\\/\"]}]},{\"@type\":\"ImageObject\",\"inLanguage\":\"en-US\",\"@id\":\"https:\\\/\\\/www.biancagaia.com\\\/en\\\/product\\\/bienvenue-dans-la-5e-dimension\\\/#primaryimage\",\"url\":\"https:\\\/\\\/www.biancagaia.com\\\/en\\\/wp-content\\\/uploads\\\/2023\\\/09\\\/Bienvenue.jpg\",\"contentUrl\":\"https:\\\/\\\/www.biancagaia.com\\\/en\\\/wp-content\\\/uploads\\\/2023\\\/09\\\/Bienvenue.jpg\",\"width\":820,\"height\":916},{\"@type\":\"BreadcrumbList\",\"@id\":\"https:\\\/\\\/www.biancagaia.com\\\/en\\\/product\\\/bienvenue-dans-la-5e-dimension\\\/#breadcrumb\",\"itemListElement\":[{\"@type\":\"ListItem\",\"position\":1,\"name\":\"Accueil\",\"item\":\"https:\\\/\\\/www.biancagaia.com\\\/en\\\/\"},{\"@type\":\"ListItem\",\"position\":2,\"name\":\"Boutique\",\"item\":\"https:\\\/\\\/www.biancagaia.com\\\/en\\\/shop\\\/\"},{\"@type\":\"ListItem\",\"position\":3,\"name\":\"Bienvenue dans la 5e dimension\"}]},{\"@type\":\"WebSite\",\"@id\":\"https:\\\/\\\/www.biancagaia.com\\\/en\\\/#website\",\"url\":\"https:\\\/\\\/www.biancagaia.com\\\/en\\\/\",\"name\":\"Bianca Gaia\",\"description\":\"\",\"publisher\":{\"@id\":\"https:\\\/\\\/www.biancagaia.com\\\/en\\\/#organization\"},\"potentialAction\":[{\"@type\":\"SearchAction\",\"target\":{\"@type\":\"EntryPoint\",\"urlTemplate\":\"https:\\\/\\\/www.biancagaia.com\\\/en\\\/?s={search_term_string}\"},\"query-input\":{\"@type\":\"PropertyValueSpecification\",\"valueRequired\":true,\"valueName\":\"search_term_string\"}}],\"inLanguage\":\"en-US\"},{\"@type\":\"Organization\",\"@id\":\"https:\\\/\\\/www.biancagaia.com\\\/en\\\/#organization\",\"name\":\"Bianca Gaia\",\"url\":\"https:\\\/\\\/www.biancagaia.com\\\/en\\\/\",\"logo\":{\"@type\":\"ImageObject\",\"inLanguage\":\"en-US\",\"@id\":\"https:\\\/\\\/www.biancagaia.com\\\/en\\\/#\\\/schema\\\/logo\\\/image\\\/\",\"url\":\"https:\\\/\\\/www.biancagaia.com\\\/fr\\\/wp-content\\\/uploads\\\/2023\\\/08\\\/Favicon-270.png\",\"contentUrl\":\"https:\\\/\\\/www.biancagaia.com\\\/fr\\\/wp-content\\\/uploads\\\/2023\\\/08\\\/Favicon-270.png\",\"width\":270,\"height\":270,\"caption\":\"Bianca Gaia\"},\"image\":{\"@id\":\"https:\\\/\\\/www.biancagaia.com\\\/en\\\/#\\\/schema\\\/logo\\\/image\\\/\"},\"sameAs\":[\"https:\\\/\\\/www.facebook.com\\\/DianeLeBlanc.BiancaGaia\"]}]}<\/script>\n<!-- \/ Yoast SEO plugin. -->","yoast_head_json":{"title":"Bienvenue dans la 5e dimension - Bianca Gaia","robots":{"index":"index","follow":"follow","max-snippet":"max-snippet:-1","max-image-preview":"max-image-preview:large","max-video-preview":"max-video-preview:-1"},"canonical":"https:\/\/www.biancagaia.com\/en\/product\/bienvenue-dans-la-5e-dimension\/","og_locale":"en_US","og_type":"article","og_title":"Bienvenue dans la 5e dimension - Bianca Gaia","og_description":"The Quintessence of Being, the ultimate secret of the Ascended Masters Diane LeBlanc \/ Bianca Ga\u00efa 2014, 352 pages  NOTE: This book is available in PDF downloadable format only  &nbsp; To simplify the purchasing process, please select your countryfrom the list below:","og_url":"https:\/\/www.biancagaia.com\/en\/product\/bienvenue-dans-la-5e-dimension\/","og_site_name":"Bianca Gaia","article_publisher":"https:\/\/www.facebook.com\/DianeLeBlanc.BiancaGaia","article_modified_time":"2026-02-02T00:52:24+00:00","og_image":[{"width":820,"height":916,"url":"https:\/\/www.biancagaia.com\/en\/wp-content\/uploads\/2023\/09\/Bienvenue.jpg","type":"image\/jpeg"}],"twitter_card":"summary_large_image","twitter_misc":{"Est. reading time":"2 minutes"},"schema":{"@context":"https:\/\/schema.org","@graph":[{"@type":"WebPage","@id":"https:\/\/www.biancagaia.com\/en\/product\/bienvenue-dans-la-5e-dimension\/","url":"https:\/\/www.biancagaia.com\/en\/product\/bienvenue-dans-la-5e-dimension\/","name":"Bienvenue dans la 5e dimension - Bianca Gaia","isPartOf":{"@id":"https:\/\/www.biancagaia.com\/en\/#website"},"primaryImageOfPage":{"@id":"https:\/\/www.biancagaia.com\/en\/product\/bienvenue-dans-la-5e-dimension\/#primaryimage"},"image":{"@id":"https:\/\/www.biancagaia.com\/en\/product\/bienvenue-dans-la-5e-dimension\/#primaryimage"},"thumbnailUrl":"https:\/\/www.biancagaia.com\/en\/wp-content\/uploads\/2023\/09\/Bienvenue.jpg","datePublished":"2020-06-08T14:30:44+00:00","dateModified":"2026-02-02T00:52:24+00:00","breadcrumb":{"@id":"https:\/\/www.biancagaia.com\/en\/product\/bienvenue-dans-la-5e-dimension\/#breadcrumb"},"inLanguage":"en-US","potentialAction":[{"@type":"ReadAction","target":["https:\/\/www.biancagaia.com\/en\/product\/bienvenue-dans-la-5e-dimension\/"]}]},{"@type":"ImageObject","inLanguage":"en-US","@id":"https:\/\/www.biancagaia.com\/en\/product\/bienvenue-dans-la-5e-dimension\/#primaryimage","url":"https:\/\/www.biancagaia.com\/en\/wp-content\/uploads\/2023\/09\/Bienvenue.jpg","contentUrl":"https:\/\/www.biancagaia.com\/en\/wp-content\/uploads\/2023\/09\/Bienvenue.jpg","width":820,"height":916},{"@type":"BreadcrumbList","@id":"https:\/\/www.biancagaia.com\/en\/product\/bienvenue-dans-la-5e-dimension\/#breadcrumb","itemListElement":[{"@type":"ListItem","position":1,"name":"Accueil","item":"https:\/\/www.biancagaia.com\/en\/"},{"@type":"ListItem","position":2,"name":"Boutique","item":"https:\/\/www.biancagaia.com\/en\/shop\/"},{"@type":"ListItem","position":3,"name":"Bienvenue dans la 5e dimension"}]},{"@type":"WebSite","@id":"https:\/\/www.biancagaia.com\/en\/#website","url":"https:\/\/www.biancagaia.com\/en\/","name":"Bianca Gaia","description":"","publisher":{"@id":"https:\/\/www.biancagaia.com\/en\/#organization"},"potentialAction":[{"@type":"SearchAction","target":{"@type":"EntryPoint","urlTemplate":"https:\/\/www.biancagaia.com\/en\/?s={search_term_string}"},"query-input":{"@type":"PropertyValueSpecification","valueRequired":true,"valueName":"search_term_string"}}],"inLanguage":"en-US"},{"@type":"Organization","@id":"https:\/\/www.biancagaia.com\/en\/#organization","name":"Bianca Gaia","url":"https:\/\/www.biancagaia.com\/en\/","logo":{"@type":"ImageObject","inLanguage":"en-US","@id":"https:\/\/www.biancagaia.com\/en\/#\/schema\/logo\/image\/","url":"https:\/\/www.biancagaia.com\/fr\/wp-content\/uploads\/2023\/08\/Favicon-270.png","contentUrl":"https:\/\/www.biancagaia.com\/fr\/wp-content\/uploads\/2023\/08\/Favicon-270.png","width":270,"height":270,"caption":"Bianca Gaia"},"image":{"@id":"https:\/\/www.biancagaia.com\/en\/#\/schema\/logo\/image\/"},"sameAs":["https:\/\/www.facebook.com\/DianeLeBlanc.BiancaGaia"]}]}},"_links":{"self":[{"href":"https:\/\/www.biancagaia.com\/en\/wp-json\/wp\/v2\/product\/11567","targetHints":{"allow":["GET"]}}],"collection":[{"href":"https:\/\/www.biancagaia.com\/en\/wp-json\/wp\/v2\/product"}],"about":[{"href":"https:\/\/www.biancagaia.com\/en\/wp-json\/wp\/v2\/types\/product"}],"wp:featuredmedia":[{"embeddable":true,"href":"https:\/\/www.biancagaia.com\/en\/wp-json\/wp\/v2\/media\/16260"}],"wp:attachment":[{"href":"https:\/\/www.biancagaia.com\/en\/wp-json\/wp\/v2\/media?parent=11567"}],"wp:term":[{"taxonomy":"product_brand","embeddable":true,"href":"https:\/\/www.biancagaia.com\/en\/wp-json\/wp\/v2\/product_brand?post=11567"},{"taxonomy":"product_cat","embeddable":true,"href":"https:\/\/www.biancagaia.com\/en\/wp-json\/wp\/v2\/product_cat?post=11567"},{"taxonomy":"product_tag","embeddable":true,"href":"https:\/\/www.biancagaia.com\/en\/wp-json\/wp\/v2\/product_tag?post=11567"}],"curies":[{"name":"wp","href":"https:\/\/api.w.org\/{rel}","templated":true}]}}