{"id":12205,"date":"2020-06-08T15:46:36","date_gmt":"2020-06-08T19:46:36","guid":{"rendered":"https:\/\/www.biancagaia.com\/fr\/?post_type=product&#038;p=12205"},"modified":"2026-02-02T15:25:06","modified_gmt":"2026-02-02T21:25:06","slug":"cd-guerison-alchimique","status":"publish","type":"product","link":"https:\/\/www.biancagaia.com\/en\/product\/cd-guerison-alchimique\/","title":{"rendered":"CD Gu\u00e9rison Alchimique"},"content":{"rendered":"<div class=\"fusion-fullwidth fullwidth-box fusion-builder-row-1 fusion-flex-container has-pattern-background has-mask-background nonhundred-percent-fullwidth non-hundred-percent-height-scrolling\" style=\"--awb-border-radius-top-left:0px;--awb-border-radius-top-right:0px;--awb-border-radius-bottom-right:0px;--awb-border-radius-bottom-left:0px;--awb-flex-wrap:wrap;\" ><div class=\"fusion-builder-row fusion-row fusion-flex-align-items-flex-start fusion-flex-content-wrap\" style=\"max-width:1185.6px;margin-left: calc(-4% \/ 2 );margin-right: calc(-4% \/ 2 );\"><div class=\"fusion-layout-column fusion_builder_column fusion-builder-column-0 fusion_builder_column_1_1 1_1 fusion-flex-column\" style=\"--awb-bg-size:cover;--awb-width-large:100%;--awb-margin-top-large:0px;--awb-spacing-right-large:1.92%;--awb-margin-bottom-large:0px;--awb-spacing-left-large:1.92%;--awb-width-medium:100%;--awb-order-medium:0;--awb-spacing-right-medium:1.92%;--awb-spacing-left-medium:1.92%;--awb-width-small:100%;--awb-order-small:0;--awb-spacing-right-small:1.92%;--awb-spacing-left-small:1.92%;\"><div class=\"fusion-column-wrapper fusion-column-has-shadow fusion-flex-justify-content-flex-start fusion-content-layout-column\"><div class=\"fusion-text fusion-text-1\"><p><strong><span dir=\"auto\"><span class=\"\" dir=\"auto\">Guided meditations and energy replenishment to unify the human and divine within oneself<\/span><\/span><\/strong><\/p>\n<p>(FRENCH VERSION)<\/p>\n<p><span dir=\"auto\">This CD was recorded &#8220;live&#8221; during &#8220;channeling&#8221; evenings hosted by <\/span><strong><span dir=\"auto\">Diane LeBlanc \/ Bianca Ga\u00efa<\/span><\/strong><span dir=\"auto\"> and accompanied by &#8220;soul music&#8221; improvised on the piano by <\/span><strong><span dir=\"auto\">Serge B\u00e9lair<\/span><\/strong><span dir=\"auto\"> .<\/span><\/p>\n<p><span dir=\"auto\">The creative visualization exercises offered aim not only to gently introduce you to mindful meditation, but also to awaken your full divine and alchemical potential\u2026 to promote a return to balance in all dimensions of yourself: physical, emotional, mental, spiritual and energetic.<\/span><\/p>\n<\/div><div class=\"fusion-text fusion-text-2\" style=\"--awb-text-color:#770077;--awb-margin-top:30px;\"><p><strong>NOTE: This CD is available in downloadable <span style=\"text-decoration: underline;\">mp3<\/span> format only.<\/strong><\/p>\n<\/div>\n<\/div><\/div><\/div><\/div>\n","protected":false},"excerpt":{"rendered":"<p>M\u00e9ditations guid\u00e9es et ressourcement \u00e9nerg\u00e9tique pour unifier l\u2019humain et le divin en soi-m\u00eame.<\/p>\n","protected":false},"featured_media":16262,"template":"","meta":[],"product_brand":[],"product_cat":[43],"product_tag":[44,46,47,45],"class_list":{"0":"post-12205","1":"product","2":"type-product","3":"status-publish","4":"has-post-thumbnail","6":"product_cat-cd","7":"product_tag-5e-dimension","8":"product_tag-famille-dames","9":"product_tag-meditation","10":"product_tag-quintessence","12":"first","13":"instock","14":"downloadable","15":"virtual","16":"purchasable","17":"product-type-simple"},"yoast_head":"<!-- This site is optimized with the Yoast SEO plugin v27.3 - https:\/\/yoast.com\/product\/yoast-seo-wordpress\/ -->\n<title>CD Gu\u00e9rison Alchimique - Bianca Gaia<\/title>\n<meta name=\"robots\" content=\"index, follow, max-snippet:-1, max-image-preview:large, max-video-preview:-1\" \/>\n<link rel=\"canonical\" href=\"https:\/\/www.biancagaia.com\/en\/product\/cd-guerison-alchimique\/\" \/>\n<meta property=\"og:locale\" content=\"en_US\" \/>\n<meta property=\"og:type\" content=\"article\" \/>\n<meta property=\"og:title\" content=\"CD Gu\u00e9rison Alchimique - Bianca Gaia\" \/>\n<meta property=\"og:description\" content=\"M\u00e9ditations guid\u00e9es et ressourcement \u00e9nerg\u00e9tique pour unifier l\u2019humain et le divin en soi-m\u00eame.\" \/>\n<meta property=\"og:url\" content=\"https:\/\/www.biancagaia.com\/en\/product\/cd-guerison-alchimique\/\" \/>\n<meta property=\"og:site_name\" content=\"Bianca Gaia\" \/>\n<meta property=\"article:publisher\" content=\"https:\/\/www.facebook.com\/DianeLeBlanc.BiancaGaia\" \/>\n<meta property=\"article:modified_time\" content=\"2026-02-02T21:25:06+00:00\" \/>\n<meta property=\"og:image\" content=\"https:\/\/www.biancagaia.com\/en\/wp-content\/uploads\/2023\/09\/CD-Guerison.jpg\" \/>\n\t<meta property=\"og:image:width\" content=\"473\" \/>\n\t<meta property=\"og:image:height\" content=\"482\" \/>\n\t<meta property=\"og:image:type\" content=\"image\/jpeg\" \/>\n<meta name=\"twitter:card\" content=\"summary_large_image\" \/>\n<meta name=\"twitter:label1\" content=\"Est. reading time\" \/>\n\t<meta name=\"twitter:data1\" content=\"1 minute\" \/>\n<script type=\"application\/ld+json\" class=\"yoast-schema-graph\">{\"@context\":\"https:\\\/\\\/schema.org\",\"@graph\":[{\"@type\":\"WebPage\",\"@id\":\"https:\\\/\\\/www.biancagaia.com\\\/en\\\/product\\\/cd-guerison-alchimique\\\/\",\"url\":\"https:\\\/\\\/www.biancagaia.com\\\/en\\\/product\\\/cd-guerison-alchimique\\\/\",\"name\":\"CD Gu\u00e9rison Alchimique - Bianca Gaia\",\"isPartOf\":{\"@id\":\"https:\\\/\\\/www.biancagaia.com\\\/en\\\/#website\"},\"primaryImageOfPage\":{\"@id\":\"https:\\\/\\\/www.biancagaia.com\\\/en\\\/product\\\/cd-guerison-alchimique\\\/#primaryimage\"},\"image\":{\"@id\":\"https:\\\/\\\/www.biancagaia.com\\\/en\\\/product\\\/cd-guerison-alchimique\\\/#primaryimage\"},\"thumbnailUrl\":\"https:\\\/\\\/www.biancagaia.com\\\/en\\\/wp-content\\\/uploads\\\/2023\\\/09\\\/CD-Guerison.jpg\",\"datePublished\":\"2020-06-08T19:46:36+00:00\",\"dateModified\":\"2026-02-02T21:25:06+00:00\",\"breadcrumb\":{\"@id\":\"https:\\\/\\\/www.biancagaia.com\\\/en\\\/product\\\/cd-guerison-alchimique\\\/#breadcrumb\"},\"inLanguage\":\"en-US\",\"potentialAction\":[{\"@type\":\"ReadAction\",\"target\":[\"https:\\\/\\\/www.biancagaia.com\\\/en\\\/product\\\/cd-guerison-alchimique\\\/\"]}]},{\"@type\":\"ImageObject\",\"inLanguage\":\"en-US\",\"@id\":\"https:\\\/\\\/www.biancagaia.com\\\/en\\\/product\\\/cd-guerison-alchimique\\\/#primaryimage\",\"url\":\"https:\\\/\\\/www.biancagaia.com\\\/en\\\/wp-content\\\/uploads\\\/2023\\\/09\\\/CD-Guerison.jpg\",\"contentUrl\":\"https:\\\/\\\/www.biancagaia.com\\\/en\\\/wp-content\\\/uploads\\\/2023\\\/09\\\/CD-Guerison.jpg\",\"width\":473,\"height\":482},{\"@type\":\"BreadcrumbList\",\"@id\":\"https:\\\/\\\/www.biancagaia.com\\\/en\\\/product\\\/cd-guerison-alchimique\\\/#breadcrumb\",\"itemListElement\":[{\"@type\":\"ListItem\",\"position\":1,\"name\":\"Accueil\",\"item\":\"https:\\\/\\\/www.biancagaia.com\\\/en\\\/\"},{\"@type\":\"ListItem\",\"position\":2,\"name\":\"Boutique\",\"item\":\"https:\\\/\\\/www.biancagaia.com\\\/en\\\/shop\\\/\"},{\"@type\":\"ListItem\",\"position\":3,\"name\":\"CD Gu\u00e9rison Alchimique\"}]},{\"@type\":\"WebSite\",\"@id\":\"https:\\\/\\\/www.biancagaia.com\\\/en\\\/#website\",\"url\":\"https:\\\/\\\/www.biancagaia.com\\\/en\\\/\",\"name\":\"Bianca Gaia\",\"description\":\"\",\"publisher\":{\"@id\":\"https:\\\/\\\/www.biancagaia.com\\\/en\\\/#organization\"},\"potentialAction\":[{\"@type\":\"SearchAction\",\"target\":{\"@type\":\"EntryPoint\",\"urlTemplate\":\"https:\\\/\\\/www.biancagaia.com\\\/en\\\/?s={search_term_string}\"},\"query-input\":{\"@type\":\"PropertyValueSpecification\",\"valueRequired\":true,\"valueName\":\"search_term_string\"}}],\"inLanguage\":\"en-US\"},{\"@type\":\"Organization\",\"@id\":\"https:\\\/\\\/www.biancagaia.com\\\/en\\\/#organization\",\"name\":\"Bianca Gaia\",\"url\":\"https:\\\/\\\/www.biancagaia.com\\\/en\\\/\",\"logo\":{\"@type\":\"ImageObject\",\"inLanguage\":\"en-US\",\"@id\":\"https:\\\/\\\/www.biancagaia.com\\\/en\\\/#\\\/schema\\\/logo\\\/image\\\/\",\"url\":\"https:\\\/\\\/www.biancagaia.com\\\/fr\\\/wp-content\\\/uploads\\\/2023\\\/08\\\/Favicon-270.png\",\"contentUrl\":\"https:\\\/\\\/www.biancagaia.com\\\/fr\\\/wp-content\\\/uploads\\\/2023\\\/08\\\/Favicon-270.png\",\"width\":270,\"height\":270,\"caption\":\"Bianca Gaia\"},\"image\":{\"@id\":\"https:\\\/\\\/www.biancagaia.com\\\/en\\\/#\\\/schema\\\/logo\\\/image\\\/\"},\"sameAs\":[\"https:\\\/\\\/www.facebook.com\\\/DianeLeBlanc.BiancaGaia\"]}]}<\/script>\n<!-- \/ Yoast SEO plugin. -->","yoast_head_json":{"title":"CD Gu\u00e9rison Alchimique - Bianca Gaia","robots":{"index":"index","follow":"follow","max-snippet":"max-snippet:-1","max-image-preview":"max-image-preview:large","max-video-preview":"max-video-preview:-1"},"canonical":"https:\/\/www.biancagaia.com\/en\/product\/cd-guerison-alchimique\/","og_locale":"en_US","og_type":"article","og_title":"CD Gu\u00e9rison Alchimique - Bianca Gaia","og_description":"M\u00e9ditations guid\u00e9es et ressourcement \u00e9nerg\u00e9tique pour unifier l\u2019humain et le divin en soi-m\u00eame.","og_url":"https:\/\/www.biancagaia.com\/en\/product\/cd-guerison-alchimique\/","og_site_name":"Bianca Gaia","article_publisher":"https:\/\/www.facebook.com\/DianeLeBlanc.BiancaGaia","article_modified_time":"2026-02-02T21:25:06+00:00","og_image":[{"width":473,"height":482,"url":"https:\/\/www.biancagaia.com\/en\/wp-content\/uploads\/2023\/09\/CD-Guerison.jpg","type":"image\/jpeg"}],"twitter_card":"summary_large_image","twitter_misc":{"Est. reading time":"1 minute"},"schema":{"@context":"https:\/\/schema.org","@graph":[{"@type":"WebPage","@id":"https:\/\/www.biancagaia.com\/en\/product\/cd-guerison-alchimique\/","url":"https:\/\/www.biancagaia.com\/en\/product\/cd-guerison-alchimique\/","name":"CD Gu\u00e9rison Alchimique - Bianca Gaia","isPartOf":{"@id":"https:\/\/www.biancagaia.com\/en\/#website"},"primaryImageOfPage":{"@id":"https:\/\/www.biancagaia.com\/en\/product\/cd-guerison-alchimique\/#primaryimage"},"image":{"@id":"https:\/\/www.biancagaia.com\/en\/product\/cd-guerison-alchimique\/#primaryimage"},"thumbnailUrl":"https:\/\/www.biancagaia.com\/en\/wp-content\/uploads\/2023\/09\/CD-Guerison.jpg","datePublished":"2020-06-08T19:46:36+00:00","dateModified":"2026-02-02T21:25:06+00:00","breadcrumb":{"@id":"https:\/\/www.biancagaia.com\/en\/product\/cd-guerison-alchimique\/#breadcrumb"},"inLanguage":"en-US","potentialAction":[{"@type":"ReadAction","target":["https:\/\/www.biancagaia.com\/en\/product\/cd-guerison-alchimique\/"]}]},{"@type":"ImageObject","inLanguage":"en-US","@id":"https:\/\/www.biancagaia.com\/en\/product\/cd-guerison-alchimique\/#primaryimage","url":"https:\/\/www.biancagaia.com\/en\/wp-content\/uploads\/2023\/09\/CD-Guerison.jpg","contentUrl":"https:\/\/www.biancagaia.com\/en\/wp-content\/uploads\/2023\/09\/CD-Guerison.jpg","width":473,"height":482},{"@type":"BreadcrumbList","@id":"https:\/\/www.biancagaia.com\/en\/product\/cd-guerison-alchimique\/#breadcrumb","itemListElement":[{"@type":"ListItem","position":1,"name":"Accueil","item":"https:\/\/www.biancagaia.com\/en\/"},{"@type":"ListItem","position":2,"name":"Boutique","item":"https:\/\/www.biancagaia.com\/en\/shop\/"},{"@type":"ListItem","position":3,"name":"CD Gu\u00e9rison Alchimique"}]},{"@type":"WebSite","@id":"https:\/\/www.biancagaia.com\/en\/#website","url":"https:\/\/www.biancagaia.com\/en\/","name":"Bianca Gaia","description":"","publisher":{"@id":"https:\/\/www.biancagaia.com\/en\/#organization"},"potentialAction":[{"@type":"SearchAction","target":{"@type":"EntryPoint","urlTemplate":"https:\/\/www.biancagaia.com\/en\/?s={search_term_string}"},"query-input":{"@type":"PropertyValueSpecification","valueRequired":true,"valueName":"search_term_string"}}],"inLanguage":"en-US"},{"@type":"Organization","@id":"https:\/\/www.biancagaia.com\/en\/#organization","name":"Bianca Gaia","url":"https:\/\/www.biancagaia.com\/en\/","logo":{"@type":"ImageObject","inLanguage":"en-US","@id":"https:\/\/www.biancagaia.com\/en\/#\/schema\/logo\/image\/","url":"https:\/\/www.biancagaia.com\/fr\/wp-content\/uploads\/2023\/08\/Favicon-270.png","contentUrl":"https:\/\/www.biancagaia.com\/fr\/wp-content\/uploads\/2023\/08\/Favicon-270.png","width":270,"height":270,"caption":"Bianca Gaia"},"image":{"@id":"https:\/\/www.biancagaia.com\/en\/#\/schema\/logo\/image\/"},"sameAs":["https:\/\/www.facebook.com\/DianeLeBlanc.BiancaGaia"]}]}},"_links":{"self":[{"href":"https:\/\/www.biancagaia.com\/en\/wp-json\/wp\/v2\/product\/12205","targetHints":{"allow":["GET"]}}],"collection":[{"href":"https:\/\/www.biancagaia.com\/en\/wp-json\/wp\/v2\/product"}],"about":[{"href":"https:\/\/www.biancagaia.com\/en\/wp-json\/wp\/v2\/types\/product"}],"wp:featuredmedia":[{"embeddable":true,"href":"https:\/\/www.biancagaia.com\/en\/wp-json\/wp\/v2\/media\/16262"}],"wp:attachment":[{"href":"https:\/\/www.biancagaia.com\/en\/wp-json\/wp\/v2\/media?parent=12205"}],"wp:term":[{"taxonomy":"product_brand","embeddable":true,"href":"https:\/\/www.biancagaia.com\/en\/wp-json\/wp\/v2\/product_brand?post=12205"},{"taxonomy":"product_cat","embeddable":true,"href":"https:\/\/www.biancagaia.com\/en\/wp-json\/wp\/v2\/product_cat?post=12205"},{"taxonomy":"product_tag","embeddable":true,"href":"https:\/\/www.biancagaia.com\/en\/wp-json\/wp\/v2\/product_tag?post=12205"}],"curies":[{"name":"wp","href":"https:\/\/api.w.org\/{rel}","templated":true}]}}