{"id":15559,"date":"2023-08-30T11:41:57","date_gmt":"2023-08-30T17:41:57","guid":{"rendered":"https:\/\/www.biancagaia.com\/fr\/?post_type=product&#038;p=15559"},"modified":"2026-02-01T19:03:05","modified_gmt":"2026-02-02T01:03:05","slug":"10-huiles-essentielles","status":"publish","type":"product","link":"https:\/\/www.biancagaia.com\/en\/product\/10-huiles-essentielles\/","title":{"rendered":"10 Huiles Essentielles pour soulager plus de 50 malaises courants"},"content":{"rendered":"<div class=\"fusion-fullwidth fullwidth-box fusion-builder-row-1 fusion-flex-container has-pattern-background has-mask-background nonhundred-percent-fullwidth non-hundred-percent-height-scrolling\" style=\"--awb-border-radius-top-left:0px;--awb-border-radius-top-right:0px;--awb-border-radius-bottom-right:0px;--awb-border-radius-bottom-left:0px;--awb-flex-wrap:wrap;\" ><div class=\"fusion-builder-row fusion-row fusion-flex-align-items-flex-start fusion-flex-content-wrap\" style=\"max-width:1185.6px;margin-left: calc(-4% \/ 2 );margin-right: calc(-4% \/ 2 );\"><div class=\"fusion-layout-column fusion_builder_column fusion-builder-column-0 fusion_builder_column_1_1 1_1 fusion-flex-column\" style=\"--awb-bg-size:cover;--awb-width-large:100%;--awb-margin-top-large:0px;--awb-spacing-right-large:1.92%;--awb-margin-bottom-large:0px;--awb-spacing-left-large:1.92%;--awb-width-medium:100%;--awb-order-medium:0;--awb-spacing-right-medium:1.92%;--awb-spacing-left-medium:1.92%;--awb-width-small:100%;--awb-order-small:0;--awb-spacing-right-small:1.92%;--awb-spacing-left-small:1.92%;\"><div class=\"fusion-column-wrapper fusion-column-has-shadow fusion-flex-justify-content-flex-start fusion-content-layout-column\"><div class=\"fusion-text fusion-text-1\"><p>(FRENCH VERSION)<\/p>\n<p>Most people know that peppermint essential oil aids digestion; that&#8217;s why it&#8217;s found in chewing gum and menthol candies. But did you know that it can also help reduce pain and inflammation during a sprain or strain?<\/p>\n<p>Lavender essential oil, for its part, is known for its relaxing and stress-relieving properties. But did you know that it also refreshes the skin and promotes healing in case of burns or sunburn? Or that it helps prevent and relieve arthritis flare-ups?<\/p>\n<p>Here is a short practical guide to using the ten main essential oils preferred by aromatherapy specialists to relieve most common ailments experienced by children, adults, and the elderly.<\/p>\n<p>The 10 essential oils featured in this guide will allow you to create a completely natural, easy-to-use, effective, and safe first-aid kit for all members of your family. This will enable you to handle all the minor emergencies that arise in everyday life.<\/p>\n<p>In this little guide you will find a wealth of wise advice, some amusing anecdotes as well as detailed instructions that will help you discover the fabulous world of aromas and their benefits for the health of the body, soul and spirit.<\/p>\n<\/div><div class=\"fusion-text fusion-text-2\" style=\"--awb-text-color:#770077;--awb-margin-top:30px;\"><p><strong>NOTE: This book is available in <span style=\"text-decoration: underline;\">PDF<\/span> format only.<\/strong><\/p>\n<\/div>\n<\/div><\/div><\/div><\/div>\n","protected":false},"excerpt":{"rendered":"<p>Les 10 huiles essentielles propos\u00e9es dans ce guide vous permettront de vous constituer une trousse de soins enti\u00e8rement naturelle, facile \u00e0 utiliser, efficace et sans aucun danger pour tous les membres de votre famille. Vous pourrez ainsi faire face \u00e0 toutes les petites urgences rencontr\u00e9es au quotidien.<\/p>\n<p>&nbsp;<\/p>\n<p><strong>NOTE: Ce livre est disponible seulement en format PDF t\u00e9l\u00e9chargeable<\/strong><\/p>\n<p>&nbsp;<\/p>\n<h3><em>Afin de simplifier le processus d&#8217;achat, veuillez s\u00e9lectionner votre pays dans la liste ci-dessous:<\/em><\/h3>\n[wcpbc_country_selector other_countries_text=\"Autre pays\"]\n","protected":false},"featured_media":16267,"template":"","meta":[],"product_brand":[],"product_cat":[42],"product_tag":[122,123],"class_list":{"0":"post-15559","1":"product","2":"type-product","3":"status-publish","4":"has-post-thumbnail","6":"product_cat-livre","7":"product_tag-naturotherapie","8":"product_tag-sante","10":"first","11":"instock","12":"downloadable","13":"virtual","14":"purchasable","15":"product-type-simple"},"yoast_head":"<!-- This site is optimized with the Yoast SEO plugin v27.3 - https:\/\/yoast.com\/product\/yoast-seo-wordpress\/ -->\n<title>10 Huiles Essentielles pour soulager plus de 50 malaises courants - Bianca Gaia<\/title>\n<meta name=\"robots\" content=\"index, follow, max-snippet:-1, max-image-preview:large, max-video-preview:-1\" \/>\n<link rel=\"canonical\" href=\"https:\/\/www.biancagaia.com\/en\/product\/10-huiles-essentielles\/\" \/>\n<meta property=\"og:locale\" content=\"en_US\" \/>\n<meta property=\"og:type\" content=\"article\" \/>\n<meta property=\"og:title\" content=\"10 Huiles Essentielles pour soulager plus de 50 malaises courants - Bianca Gaia\" \/>\n<meta property=\"og:description\" content=\"Les 10 huiles essentielles propos\u00e9es dans ce guide vous permettront de vous constituer une trousse de soins enti\u00e8rement naturelle, facile \u00e0 utiliser, efficace et sans aucun danger pour tous les membres de votre famille. Vous pourrez ainsi faire face \u00e0 toutes les petites urgences rencontr\u00e9es au quotidien.  &nbsp;  NOTE: Ce livre est disponible seulement en format PDF t\u00e9l\u00e9chargeable  &nbsp; Afin de simplifier le processus d&#039;achat, veuillez s\u00e9lectionner votre pays dans la liste ci-dessous:\" \/>\n<meta property=\"og:url\" content=\"https:\/\/www.biancagaia.com\/en\/product\/10-huiles-essentielles\/\" \/>\n<meta property=\"og:site_name\" content=\"Bianca Gaia\" \/>\n<meta property=\"article:publisher\" content=\"https:\/\/www.facebook.com\/DianeLeBlanc.BiancaGaia\" \/>\n<meta property=\"article:modified_time\" content=\"2026-02-02T01:03:05+00:00\" \/>\n<meta property=\"og:image\" content=\"https:\/\/www.biancagaia.com\/en\/wp-content\/uploads\/2023\/09\/Huiles-Malaises.jpg\" \/>\n\t<meta property=\"og:image:width\" content=\"1633\" \/>\n\t<meta property=\"og:image:height\" content=\"2025\" \/>\n\t<meta property=\"og:image:type\" content=\"image\/jpeg\" \/>\n<meta name=\"twitter:card\" content=\"summary_large_image\" \/>\n<meta name=\"twitter:label1\" content=\"Est. reading time\" \/>\n\t<meta name=\"twitter:data1\" content=\"2 minutes\" \/>\n<script type=\"application\/ld+json\" class=\"yoast-schema-graph\">{\"@context\":\"https:\\\/\\\/schema.org\",\"@graph\":[{\"@type\":\"WebPage\",\"@id\":\"https:\\\/\\\/www.biancagaia.com\\\/en\\\/product\\\/10-huiles-essentielles\\\/\",\"url\":\"https:\\\/\\\/www.biancagaia.com\\\/en\\\/product\\\/10-huiles-essentielles\\\/\",\"name\":\"10 Huiles Essentielles pour soulager plus de 50 malaises courants - Bianca Gaia\",\"isPartOf\":{\"@id\":\"https:\\\/\\\/www.biancagaia.com\\\/en\\\/#website\"},\"primaryImageOfPage\":{\"@id\":\"https:\\\/\\\/www.biancagaia.com\\\/en\\\/product\\\/10-huiles-essentielles\\\/#primaryimage\"},\"image\":{\"@id\":\"https:\\\/\\\/www.biancagaia.com\\\/en\\\/product\\\/10-huiles-essentielles\\\/#primaryimage\"},\"thumbnailUrl\":\"https:\\\/\\\/www.biancagaia.com\\\/en\\\/wp-content\\\/uploads\\\/2023\\\/09\\\/Huiles-Malaises.jpg\",\"datePublished\":\"2023-08-30T17:41:57+00:00\",\"dateModified\":\"2026-02-02T01:03:05+00:00\",\"breadcrumb\":{\"@id\":\"https:\\\/\\\/www.biancagaia.com\\\/en\\\/product\\\/10-huiles-essentielles\\\/#breadcrumb\"},\"inLanguage\":\"en-US\",\"potentialAction\":[{\"@type\":\"ReadAction\",\"target\":[\"https:\\\/\\\/www.biancagaia.com\\\/en\\\/product\\\/10-huiles-essentielles\\\/\"]}]},{\"@type\":\"ImageObject\",\"inLanguage\":\"en-US\",\"@id\":\"https:\\\/\\\/www.biancagaia.com\\\/en\\\/product\\\/10-huiles-essentielles\\\/#primaryimage\",\"url\":\"https:\\\/\\\/www.biancagaia.com\\\/en\\\/wp-content\\\/uploads\\\/2023\\\/09\\\/Huiles-Malaises.jpg\",\"contentUrl\":\"https:\\\/\\\/www.biancagaia.com\\\/en\\\/wp-content\\\/uploads\\\/2023\\\/09\\\/Huiles-Malaises.jpg\",\"width\":1633,\"height\":2025},{\"@type\":\"BreadcrumbList\",\"@id\":\"https:\\\/\\\/www.biancagaia.com\\\/en\\\/product\\\/10-huiles-essentielles\\\/#breadcrumb\",\"itemListElement\":[{\"@type\":\"ListItem\",\"position\":1,\"name\":\"Accueil\",\"item\":\"https:\\\/\\\/www.biancagaia.com\\\/en\\\/\"},{\"@type\":\"ListItem\",\"position\":2,\"name\":\"Boutique\",\"item\":\"https:\\\/\\\/www.biancagaia.com\\\/en\\\/shop\\\/\"},{\"@type\":\"ListItem\",\"position\":3,\"name\":\"10 Huiles Essentielles pour soulager plus de 50 malaises courants\"}]},{\"@type\":\"WebSite\",\"@id\":\"https:\\\/\\\/www.biancagaia.com\\\/en\\\/#website\",\"url\":\"https:\\\/\\\/www.biancagaia.com\\\/en\\\/\",\"name\":\"Bianca Gaia\",\"description\":\"\",\"publisher\":{\"@id\":\"https:\\\/\\\/www.biancagaia.com\\\/en\\\/#organization\"},\"potentialAction\":[{\"@type\":\"SearchAction\",\"target\":{\"@type\":\"EntryPoint\",\"urlTemplate\":\"https:\\\/\\\/www.biancagaia.com\\\/en\\\/?s={search_term_string}\"},\"query-input\":{\"@type\":\"PropertyValueSpecification\",\"valueRequired\":true,\"valueName\":\"search_term_string\"}}],\"inLanguage\":\"en-US\"},{\"@type\":\"Organization\",\"@id\":\"https:\\\/\\\/www.biancagaia.com\\\/en\\\/#organization\",\"name\":\"Bianca Gaia\",\"url\":\"https:\\\/\\\/www.biancagaia.com\\\/en\\\/\",\"logo\":{\"@type\":\"ImageObject\",\"inLanguage\":\"en-US\",\"@id\":\"https:\\\/\\\/www.biancagaia.com\\\/en\\\/#\\\/schema\\\/logo\\\/image\\\/\",\"url\":\"https:\\\/\\\/www.biancagaia.com\\\/fr\\\/wp-content\\\/uploads\\\/2023\\\/08\\\/Favicon-270.png\",\"contentUrl\":\"https:\\\/\\\/www.biancagaia.com\\\/fr\\\/wp-content\\\/uploads\\\/2023\\\/08\\\/Favicon-270.png\",\"width\":270,\"height\":270,\"caption\":\"Bianca Gaia\"},\"image\":{\"@id\":\"https:\\\/\\\/www.biancagaia.com\\\/en\\\/#\\\/schema\\\/logo\\\/image\\\/\"},\"sameAs\":[\"https:\\\/\\\/www.facebook.com\\\/DianeLeBlanc.BiancaGaia\"]}]}<\/script>\n<!-- \/ Yoast SEO plugin. -->","yoast_head_json":{"title":"10 Huiles Essentielles pour soulager plus de 50 malaises courants - Bianca Gaia","robots":{"index":"index","follow":"follow","max-snippet":"max-snippet:-1","max-image-preview":"max-image-preview:large","max-video-preview":"max-video-preview:-1"},"canonical":"https:\/\/www.biancagaia.com\/en\/product\/10-huiles-essentielles\/","og_locale":"en_US","og_type":"article","og_title":"10 Huiles Essentielles pour soulager plus de 50 malaises courants - Bianca Gaia","og_description":"Les 10 huiles essentielles propos\u00e9es dans ce guide vous permettront de vous constituer une trousse de soins enti\u00e8rement naturelle, facile \u00e0 utiliser, efficace et sans aucun danger pour tous les membres de votre famille. Vous pourrez ainsi faire face \u00e0 toutes les petites urgences rencontr\u00e9es au quotidien.  &nbsp;  NOTE: Ce livre est disponible seulement en format PDF t\u00e9l\u00e9chargeable  &nbsp; Afin de simplifier le processus d'achat, veuillez s\u00e9lectionner votre pays dans la liste ci-dessous:","og_url":"https:\/\/www.biancagaia.com\/en\/product\/10-huiles-essentielles\/","og_site_name":"Bianca Gaia","article_publisher":"https:\/\/www.facebook.com\/DianeLeBlanc.BiancaGaia","article_modified_time":"2026-02-02T01:03:05+00:00","og_image":[{"width":1633,"height":2025,"url":"https:\/\/www.biancagaia.com\/en\/wp-content\/uploads\/2023\/09\/Huiles-Malaises.jpg","type":"image\/jpeg"}],"twitter_card":"summary_large_image","twitter_misc":{"Est. reading time":"2 minutes"},"schema":{"@context":"https:\/\/schema.org","@graph":[{"@type":"WebPage","@id":"https:\/\/www.biancagaia.com\/en\/product\/10-huiles-essentielles\/","url":"https:\/\/www.biancagaia.com\/en\/product\/10-huiles-essentielles\/","name":"10 Huiles Essentielles pour soulager plus de 50 malaises courants - Bianca Gaia","isPartOf":{"@id":"https:\/\/www.biancagaia.com\/en\/#website"},"primaryImageOfPage":{"@id":"https:\/\/www.biancagaia.com\/en\/product\/10-huiles-essentielles\/#primaryimage"},"image":{"@id":"https:\/\/www.biancagaia.com\/en\/product\/10-huiles-essentielles\/#primaryimage"},"thumbnailUrl":"https:\/\/www.biancagaia.com\/en\/wp-content\/uploads\/2023\/09\/Huiles-Malaises.jpg","datePublished":"2023-08-30T17:41:57+00:00","dateModified":"2026-02-02T01:03:05+00:00","breadcrumb":{"@id":"https:\/\/www.biancagaia.com\/en\/product\/10-huiles-essentielles\/#breadcrumb"},"inLanguage":"en-US","potentialAction":[{"@type":"ReadAction","target":["https:\/\/www.biancagaia.com\/en\/product\/10-huiles-essentielles\/"]}]},{"@type":"ImageObject","inLanguage":"en-US","@id":"https:\/\/www.biancagaia.com\/en\/product\/10-huiles-essentielles\/#primaryimage","url":"https:\/\/www.biancagaia.com\/en\/wp-content\/uploads\/2023\/09\/Huiles-Malaises.jpg","contentUrl":"https:\/\/www.biancagaia.com\/en\/wp-content\/uploads\/2023\/09\/Huiles-Malaises.jpg","width":1633,"height":2025},{"@type":"BreadcrumbList","@id":"https:\/\/www.biancagaia.com\/en\/product\/10-huiles-essentielles\/#breadcrumb","itemListElement":[{"@type":"ListItem","position":1,"name":"Accueil","item":"https:\/\/www.biancagaia.com\/en\/"},{"@type":"ListItem","position":2,"name":"Boutique","item":"https:\/\/www.biancagaia.com\/en\/shop\/"},{"@type":"ListItem","position":3,"name":"10 Huiles Essentielles pour soulager plus de 50 malaises courants"}]},{"@type":"WebSite","@id":"https:\/\/www.biancagaia.com\/en\/#website","url":"https:\/\/www.biancagaia.com\/en\/","name":"Bianca Gaia","description":"","publisher":{"@id":"https:\/\/www.biancagaia.com\/en\/#organization"},"potentialAction":[{"@type":"SearchAction","target":{"@type":"EntryPoint","urlTemplate":"https:\/\/www.biancagaia.com\/en\/?s={search_term_string}"},"query-input":{"@type":"PropertyValueSpecification","valueRequired":true,"valueName":"search_term_string"}}],"inLanguage":"en-US"},{"@type":"Organization","@id":"https:\/\/www.biancagaia.com\/en\/#organization","name":"Bianca Gaia","url":"https:\/\/www.biancagaia.com\/en\/","logo":{"@type":"ImageObject","inLanguage":"en-US","@id":"https:\/\/www.biancagaia.com\/en\/#\/schema\/logo\/image\/","url":"https:\/\/www.biancagaia.com\/fr\/wp-content\/uploads\/2023\/08\/Favicon-270.png","contentUrl":"https:\/\/www.biancagaia.com\/fr\/wp-content\/uploads\/2023\/08\/Favicon-270.png","width":270,"height":270,"caption":"Bianca Gaia"},"image":{"@id":"https:\/\/www.biancagaia.com\/en\/#\/schema\/logo\/image\/"},"sameAs":["https:\/\/www.facebook.com\/DianeLeBlanc.BiancaGaia"]}]}},"_links":{"self":[{"href":"https:\/\/www.biancagaia.com\/en\/wp-json\/wp\/v2\/product\/15559","targetHints":{"allow":["GET"]}}],"collection":[{"href":"https:\/\/www.biancagaia.com\/en\/wp-json\/wp\/v2\/product"}],"about":[{"href":"https:\/\/www.biancagaia.com\/en\/wp-json\/wp\/v2\/types\/product"}],"wp:featuredmedia":[{"embeddable":true,"href":"https:\/\/www.biancagaia.com\/en\/wp-json\/wp\/v2\/media\/16267"}],"wp:attachment":[{"href":"https:\/\/www.biancagaia.com\/en\/wp-json\/wp\/v2\/media?parent=15559"}],"wp:term":[{"taxonomy":"product_brand","embeddable":true,"href":"https:\/\/www.biancagaia.com\/en\/wp-json\/wp\/v2\/product_brand?post=15559"},{"taxonomy":"product_cat","embeddable":true,"href":"https:\/\/www.biancagaia.com\/en\/wp-json\/wp\/v2\/product_cat?post=15559"},{"taxonomy":"product_tag","embeddable":true,"href":"https:\/\/www.biancagaia.com\/en\/wp-json\/wp\/v2\/product_tag?post=15559"}],"curies":[{"name":"wp","href":"https:\/\/api.w.org\/{rel}","templated":true}]}}